{"id":210,"date":"2023-05-22T14:57:28","date_gmt":"2023-05-22T12:57:28","guid":{"rendered":"https:\/\/istanbulsmiskou.sk\/?page_id=210"},"modified":"2025-03-11T19:13:41","modified_gmt":"2025-03-11T18:13:41","slug":"o-mne","status":"publish","type":"page","link":"https:\/\/istanbulsmiskou.sk\/?page_id=210","title":{"rendered":"O Mne"},"content":{"rendered":"\t\t<div data-elementor-type=\"wp-page\" data-elementor-id=\"210\" class=\"elementor elementor-210\">\n\t\t\t\t\t\t<section class=\"elementor-section elementor-top-section elementor-element elementor-element-d1c6847 elementor-section-boxed elementor-section-height-default elementor-section-height-default\" data-id=\"d1c6847\" data-element_type=\"section\" data-e-type=\"section\">\n\t\t\t\t\t\t<div class=\"elementor-container elementor-column-gap-default\">\n\t\t\t\t\t<div class=\"elementor-column elementor-col-50 elementor-top-column elementor-element elementor-element-2b8de5f\" data-id=\"2b8de5f\" data-element_type=\"column\" data-e-type=\"column\">\n\t\t\t<div class=\"elementor-widget-wrap elementor-element-populated\">\n\t\t\t\t\t\t<div class=\"elementor-element elementor-element-d52a5f9 elementor-widget elementor-widget-image\" data-id=\"d52a5f9\" data-element_type=\"widget\" data-e-type=\"widget\" data-widget_type=\"image.default\">\n\t\t\t\t<div class=\"elementor-widget-container\">\n\t\t\t\t\t\t\t\t\t\t\t\t\t\t\t<img fetchpriority=\"high\" decoding=\"async\" width=\"1280\" height=\"1280\" src=\"https:\/\/i0.wp.com\/istanbulsmiskou.sk\/wp-content\/uploads\/2023\/06\/Professional-and-Elegant-Depop-Profile-Picture.jpg?fit=1280%2C1280&amp;ssl=1\" class=\"elementor-animation-shrink attachment-full size-full wp-image-589\" alt=\"\" srcset=\"https:\/\/i0.wp.com\/istanbulsmiskou.sk\/wp-content\/uploads\/2023\/06\/Professional-and-Elegant-Depop-Profile-Picture.jpg?w=1280&amp;ssl=1 1280w, https:\/\/i0.wp.com\/istanbulsmiskou.sk\/wp-content\/uploads\/2023\/06\/Professional-and-Elegant-Depop-Profile-Picture.jpg?resize=300%2C300&amp;ssl=1 300w, https:\/\/i0.wp.com\/istanbulsmiskou.sk\/wp-content\/uploads\/2023\/06\/Professional-and-Elegant-Depop-Profile-Picture.jpg?resize=1024%2C1024&amp;ssl=1 1024w, https:\/\/i0.wp.com\/istanbulsmiskou.sk\/wp-content\/uploads\/2023\/06\/Professional-and-Elegant-Depop-Profile-Picture.jpg?resize=150%2C150&amp;ssl=1 150w, https:\/\/i0.wp.com\/istanbulsmiskou.sk\/wp-content\/uploads\/2023\/06\/Professional-and-Elegant-Depop-Profile-Picture.jpg?resize=768%2C768&amp;ssl=1 768w, https:\/\/i0.wp.com\/istanbulsmiskou.sk\/wp-content\/uploads\/2023\/06\/Professional-and-Elegant-Depop-Profile-Picture.jpg?resize=60%2C60&amp;ssl=1 60w\" sizes=\"(max-width: 790px) 100vw, 790px\" \/>\t\t\t\t\t\t\t\t\t\t\t\t\t\t\t<\/div>\n\t\t\t\t<\/div>\n\t\t\t\t\t<\/div>\n\t\t<\/div>\n\t\t\t\t<div class=\"elementor-column elementor-col-50 elementor-top-column elementor-element elementor-element-1ebf487\" data-id=\"1ebf487\" data-element_type=\"column\" data-e-type=\"column\">\n\t\t\t<div class=\"elementor-widget-wrap elementor-element-populated\">\n\t\t\t\t\t\t<section class=\"elementor-section elementor-inner-section elementor-element elementor-element-ce318b5 elementor-section-boxed elementor-section-height-default elementor-section-height-default\" data-id=\"ce318b5\" data-element_type=\"section\" data-e-type=\"section\">\n\t\t\t\t\t\t<div class=\"elementor-container elementor-column-gap-default\">\n\t\t\t\t\t<div class=\"elementor-column elementor-col-100 elementor-inner-column elementor-element elementor-element-8eabe77\" data-id=\"8eabe77\" data-element_type=\"column\" data-e-type=\"column\">\n\t\t\t<div class=\"elementor-widget-wrap elementor-element-populated\">\n\t\t\t\t\t\t<div class=\"elementor-element elementor-element-af87a07 elementor-widget elementor-widget-heading\" data-id=\"af87a07\" data-element_type=\"widget\" data-e-type=\"widget\" data-widget_type=\"heading.default\">\n\t\t\t\t<div class=\"elementor-widget-container\">\n\t\t\t\t\t<h4 class=\"elementor-heading-title elementor-size-default\">O mne <\/h4>\t\t\t\t<\/div>\n\t\t\t\t<\/div>\n\t\t\t\t\t<\/div>\n\t\t<\/div>\n\t\t\t\t\t<\/div>\n\t\t<\/section>\n\t\t\t\t<div class=\"elementor-element elementor-element-c5ebf79 elementor-widget elementor-widget-heading\" data-id=\"c5ebf79\" data-element_type=\"widget\" data-e-type=\"widget\" data-widget_type=\"heading.default\">\n\t\t\t\t<div class=\"elementor-widget-container\">\n\t\t\t\t\t<span class=\"elementor-heading-title elementor-size-small\">Ahoj ! Vol\u00e1m sa Mi\u0161ka a ako ste si u\u017e ur\u010dite v\u0161imli, \u017eijem v Istanbule \ud83d\ude42 <br><br>Do Istanbulu som sa pres\u0165ahovala v roku 2019 a odvtedy som fascinovan\u00e1 hist\u00f3riou a r\u00f4znorodos\u0165ou tohto jedine\u010dn\u00e9ho miesta. <br><br>Milujem cestovanie a objavovanie nov\u00fdch miest, jed\u00e1l a kult\u00far.<\/span>\t\t\t\t<\/div>\n\t\t\t\t<\/div>\n\t\t\t\t\t<\/div>\n\t\t<\/div>\n\t\t\t\t\t<\/div>\n\t\t<\/section>\n\t\t\t\t<section class=\"elementor-section elementor-top-section elementor-element elementor-element-d6d1e64 elementor-section-boxed elementor-section-height-default elementor-section-height-default\" data-id=\"d6d1e64\" data-element_type=\"section\" data-e-type=\"section\">\n\t\t\t\t\t\t<div class=\"elementor-container elementor-column-gap-default\">\n\t\t\t\t\t<div class=\"elementor-column elementor-col-100 elementor-top-column elementor-element elementor-element-66e40f4\" data-id=\"66e40f4\" data-element_type=\"column\" data-e-type=\"column\">\n\t\t\t<div class=\"elementor-widget-wrap elementor-element-populated\">\n\t\t\t\t\t\t<div class=\"elementor-element elementor-element-8206704 elementor-widget-divider--view-line_icon elementor-view-default elementor-widget-divider--element-align-center elementor-widget elementor-widget-divider\" data-id=\"8206704\" data-element_type=\"widget\" data-e-type=\"widget\" data-widget_type=\"divider.default\">\n\t\t\t\t<div class=\"elementor-widget-container\">\n\t\t\t\t\t\t\t<div class=\"elementor-divider\">\n\t\t\t<span class=\"elementor-divider-separator\">\n\t\t\t\t\t\t\t<div class=\"elementor-icon elementor-divider__element\">\n\t\t\t\t\t<i aria-hidden=\"true\" class=\"fas fa-smile-beam\"><\/i><\/div>\n\t\t\t\t\t\t<\/span>\n\t\t<\/div>\n\t\t\t\t\t\t<\/div>\n\t\t\t\t<\/div>\n\t\t\t\t\t<\/div>\n\t\t<\/div>\n\t\t\t\t\t<\/div>\n\t\t<\/section>\n\t\t\t\t<section class=\"elementor-section elementor-top-section elementor-element elementor-element-2294cd5 elementor-section-boxed elementor-section-height-default elementor-section-height-default\" data-id=\"2294cd5\" data-element_type=\"section\" data-e-type=\"section\">\n\t\t\t\t\t\t<div class=\"elementor-container elementor-column-gap-default\">\n\t\t\t\t\t<div class=\"elementor-column elementor-col-100 elementor-top-column elementor-element elementor-element-5910f88\" data-id=\"5910f88\" data-element_type=\"column\" data-e-type=\"column\">\n\t\t\t<div class=\"elementor-widget-wrap elementor-element-populated\">\n\t\t\t\t\t\t<div class=\"elementor-element elementor-element-15ae4a4 elementor-widget elementor-widget-heading\" data-id=\"15ae4a4\" data-element_type=\"widget\" data-e-type=\"widget\" data-widget_type=\"heading.default\">\n\t\t\t\t<div class=\"elementor-widget-container\">\n\t\t\t\t\t<p class=\"elementor-heading-title elementor-size-large\"><span style=\"font-weight: bolder;font-size: 18px;white-space: normal\">Chce\u0161 si so mnou pozrie\u0165 Istanbul z poh\u013eadu \"dom\u00e1ceho\" alebo potrebuje\u0161 poradi\u0165?&nbsp;<\/span><span style=\"font-weight: bolder;font-size: 18px;white-space: normal\">K\u013eudne sa ozvi!<\/span><\/p>\t\t\t\t<\/div>\n\t\t\t\t<\/div>\n\t\t\t\t\t<\/div>\n\t\t<\/div>\n\t\t\t\t\t<\/div>\n\t\t<\/section>\n\t\t\t\t<section class=\"elementor-section elementor-top-section elementor-element elementor-element-040ebea elementor-section-boxed elementor-section-height-default elementor-section-height-default\" data-id=\"040ebea\" data-element_type=\"section\" data-e-type=\"section\">\n\t\t\t\t\t\t<div class=\"elementor-container elementor-column-gap-default\">\n\t\t\t\t\t<div class=\"elementor-column elementor-col-100 elementor-top-column elementor-element elementor-element-a110bb6\" data-id=\"a110bb6\" data-element_type=\"column\" data-e-type=\"column\">\n\t\t\t<div class=\"elementor-widget-wrap elementor-element-populated\">\n\t\t\t\t\t\t<div class=\"elementor-element elementor-element-50fa1ea fluentform-widget-submit-button-custom elementor-widget elementor-widget-fluent-form-widget\" data-id=\"50fa1ea\" data-element_type=\"widget\" data-e-type=\"widget\" data-widget_type=\"fluent-form-widget.default\">\n\t\t\t\t<div class=\"elementor-widget-container\">\n\t\t\t\t\t\n            <div class=\"fluentform-widget-wrapper fluentform-widget-align-default\">\n\n            \n            <div class='fluentform ff-default fluentform_wrapper_1 ffs_default_wrap'><form data-form_id=\"1\" id=\"fluentform_1\" class=\"frm-fluent-form fluent_form_1 ff-el-form-top ff_form_instance_1_1 ff-form-loading ffs_default\" data-form_instance=\"ff_form_instance_1_1\" method=\"POST\" ><fieldset  style=\"border: none!important;margin: 0!important;padding: 0!important;background-color: transparent!important;box-shadow: none!important;outline: none!important; min-inline-size: 100%;\">\n                    <legend class=\"ff_screen_reader_title\" style=\"display: block; margin: 0!important;padding: 0!important;height: 0!important;text-indent: -999999px;width: 0!important;overflow:hidden;\">Contact Form Demo<\/legend><p style=\"display: none !important;\" class=\"akismet-fields-container\" data-prefix=\"ak_\"><label>&#916;<textarea name=\"ak_hp_textarea\" cols=\"45\" rows=\"8\" maxlength=\"100\"><\/textarea><\/label><input type=\"hidden\" id=\"ak_js_1\" name=\"ak_js\" value=\"90\"\/><script>document.getElementById( \"ak_js_1\" ).setAttribute( \"value\", ( new Date() ).getTime() );<\/script><\/p><input type='hidden' name='__fluent_form_embded_post_id' value='210' \/><input type=\"hidden\" id=\"_fluentform_1_fluentformnonce\" name=\"_fluentform_1_fluentformnonce\" value=\"933cf7472d\" \/><input type=\"hidden\" name=\"_wp_http_referer\" value=\"\/index.php?rest_route=%2Fwp%2Fv2%2Fpages%2F210\" \/><div data-type=\"name-element\" data-name=\"names\" class=\" ff-field_container ff-name-field-wrapper\" ><div class='ff-t-container'><div class='ff-t-cell '><div class='ff-el-group'><div class=\"ff-el-input--label ff-el-is-required asterisk-right\"><label for='ff_1_names_first_name_' id='label_ff_1_names_first_name_' >Meno<\/label><\/div><div class='ff-el-input--content'><input type=\"text\" name=\"names[first_name]\" id=\"ff_1_names_first_name_\" class=\"ff-el-form-control\" placeholder=\"Meno\" aria-invalid=\"false\" aria-required=true><\/div><\/div><\/div><div class='ff-t-cell '><div class='ff-el-group'><div class=\"ff-el-input--label asterisk-right\"><label for='ff_1_names_last_name_' id='label_ff_1_names_last_name_' >Priezvisko<\/label><\/div><div class='ff-el-input--content'><input type=\"text\" name=\"names[last_name]\" id=\"ff_1_names_last_name_\" class=\"ff-el-form-control\" placeholder=\"Priezvisko\" aria-invalid=\"false\" aria-required=false><\/div><\/div><\/div><\/div><\/div><div class='ff-el-group'><div class=\"ff-el-input--label ff-el-is-required asterisk-right\"><label for='ff_1_email' id='label_ff_1_email' aria-label=\"Email\">Email<\/label><\/div><div class='ff-el-input--content'><input type=\"email\" name=\"email\" id=\"ff_1_email\" class=\"ff-el-form-control\" placeholder=\"Email \" data-name=\"email\"  aria-invalid=\"false\" aria-required=true><\/div><\/div><div class='ff-el-group'><div class=\"ff-el-input--label ff-el-is-required asterisk-right\"><label for='ff_1_subject' id='label_ff_1_subject' aria-label=\"Predmet\">Predmet<\/label><\/div><div class='ff-el-input--content'><input type=\"text\" name=\"subject\" class=\"ff-el-form-control\" placeholder=\"Predmet\" data-name=\"subject\" id=\"ff_1_subject\"  aria-invalid=\"false\" aria-required=true><\/div><\/div><div class='ff-el-group'><div class=\"ff-el-input--label ff-el-is-required asterisk-right\"><label for='ff_1_message' id='label_ff_1_message' aria-label=\"Tvoja spr\u00e1va\">Tvoja spr\u00e1va<\/label><\/div><div class='ff-el-input--content'><textarea aria-required=\"true\" aria-labelledby=\"label_ff_1_message\" name=\"message\" id=\"ff_1_message\" class=\"ff-el-form-control\" placeholder=\"Tvoja Spr\u00e1va\" rows=\"4\" cols=\"2\" data-name=\"message\" ><\/textarea><\/div><\/div><div class='ff-el-group ff-text-center ff_submit_btn_wrapper'><button type=\"submit\" class=\"ff-btn ff-btn-submit ff-btn-md ff_btn_style\"  aria-label=\"Odosla\u0165\">Odosla\u0165<\/button><\/div><\/fieldset><\/form><div id='fluentform_1_errors' class='ff-errors-in-stack ff_form_instance_1_1 ff-form-loading_errors ff_form_instance_1_1_errors'><\/div><\/div>            <script type=\"text\/javascript\">\n                window.fluent_form_ff_form_instance_1_1 = {\"id\":\"1\",\"ajaxUrl\":\"https:\\\/\\\/istanbulsmiskou.sk\\\/wp-admin\\\/admin-ajax.php\",\"settings\":{\"layout\":{\"labelPlacement\":\"top\",\"helpMessagePlacement\":\"with_label\",\"errorMessagePlacement\":\"inline\",\"cssClassName\":\"\",\"asteriskPlacement\":\"asterisk-right\"},\"restrictions\":{\"denyEmptySubmission\":{\"enabled\":false}}},\"form_instance\":\"ff_form_instance_1_1\",\"form_id_selector\":\"fluentform_1\",\"rules\":{\"names[first_name]\":{\"required\":{\"value\":true,\"message\":\"This field is required\"}},\"names[middle_name]\":{\"required\":{\"value\":false,\"message\":\"This field is required\"}},\"names[last_name]\":{\"required\":{\"value\":false,\"message\":\"This field is required\"}},\"email\":{\"required\":{\"value\":true,\"message\":\"T\\u00e1to polo\\u017eka je povinn\\u00e1\"},\"email\":{\"value\":false,\"message\":\"This field must contain a valid email\"}},\"subject\":{\"required\":{\"value\":true,\"message\":\"T\\u00e1to polo\\u017eka je povinn\\u00e1\"}},\"message\":{\"required\":{\"value\":true,\"message\":\"T\\u00e1to polo\\u017eka je povinn\\u00e1\"}}},\"debounce_time\":300};\n                            <\/script>\n                        <\/div>\n\n            \t\t\t\t<\/div>\n\t\t\t\t<\/div>\n\t\t\t\t\t<\/div>\n\t\t<\/div>\n\t\t\t\t\t<\/div>\n\t\t<\/section>\n\t\t\t\t<\/div>\n\t\t","protected":false},"excerpt":{"rendered":"<p>O mne Ahoj ! Vol\u00e1m sa Mi\u0161ka a ako ste si u\u017e ur\u010dite v\u0161imli, \u017eijem v Istanbule \ud83d\ude42 Do Istanbulu som sa pres\u0165ahovala v roku 2019 a odvtedy som fascinovan\u00e1 hist\u00f3riou a r\u00f4znorodos\u0165ou tohto jedine\u010dn\u00e9ho miesta. Milujem cestovanie a objavovanie nov\u00fdch miest, jed\u00e1l a kult\u00far. &hellip; <\/p>\n","protected":false},"author":1,"featured_media":0,"parent":0,"menu_order":0,"comment_status":"closed","ping_status":"closed","template":"","meta":{"_eb_attr":"","_monsterinsights_skip_tracking":false,"_monsterinsights_sitenote_active":false,"_monsterinsights_sitenote_note":"","_monsterinsights_sitenote_category":0,"footnotes":""},"class_list":["post-210","page","type-page","status-publish","hentry","latest_post"],"yoast_head":"<!-- This site is optimized with the Yoast SEO plugin v27.4 - https:\/\/yoast.com\/product\/yoast-seo-wordpress\/ -->\n<title>O Mne - Istanbul s Mi\u0161kou<\/title>\n<meta name=\"robots\" content=\"index, follow, max-snippet:-1, max-image-preview:large, max-video-preview:-1\" \/>\n<link rel=\"canonical\" href=\"https:\/\/istanbulsmiskou.sk\/?page_id=210\" \/>\n<meta property=\"og:locale\" content=\"sk_SK\" \/>\n<meta property=\"og:type\" content=\"article\" \/>\n<meta property=\"og:title\" content=\"O Mne - Istanbul s Mi\u0161kou\" \/>\n<meta property=\"og:description\" content=\"O mne Ahoj ! Vol\u00e1m sa Mi\u0161ka a ako ste si u\u017e ur\u010dite v\u0161imli, \u017eijem v Istanbule \ud83d\ude42 Do Istanbulu som sa pres\u0165ahovala v roku 2019 a odvtedy som fascinovan\u00e1 hist\u00f3riou a r\u00f4znorodos\u0165ou tohto jedine\u010dn\u00e9ho miesta. Milujem cestovanie a objavovanie nov\u00fdch miest, jed\u00e1l a kult\u00far. &hellip;\" \/>\n<meta property=\"og:url\" content=\"https:\/\/istanbulsmiskou.sk\/?page_id=210\" \/>\n<meta property=\"og:site_name\" content=\"Istanbul s Mi\u0161kou\" \/>\n<meta property=\"article:modified_time\" content=\"2025-03-11T18:13:41+00:00\" \/>\n<meta property=\"og:image\" content=\"http:\/\/istanbulsmiskou.sk\/wp-content\/uploads\/2023\/06\/Professional-and-Elegant-Depop-Profile-Picture.jpg\" \/>\n<meta name=\"twitter:card\" content=\"summary_large_image\" \/>\n<meta name=\"twitter:label1\" content=\"Predpokladan\u00fd \u010das \u010d\u00edtania\" \/>\n\t<meta name=\"twitter:data1\" content=\"1 min\u00fata\" \/>\n<script type=\"application\/ld+json\" class=\"yoast-schema-graph\">{\"@context\":\"https:\\\/\\\/schema.org\",\"@graph\":[{\"@type\":\"WebPage\",\"@id\":\"https:\\\/\\\/istanbulsmiskou.sk\\\/?page_id=210\",\"url\":\"https:\\\/\\\/istanbulsmiskou.sk\\\/?page_id=210\",\"name\":\"O Mne - Istanbul s Mi\u0161kou\",\"isPartOf\":{\"@id\":\"https:\\\/\\\/istanbulsmiskou.sk\\\/#website\"},\"primaryImageOfPage\":{\"@id\":\"https:\\\/\\\/istanbulsmiskou.sk\\\/?page_id=210#primaryimage\"},\"image\":{\"@id\":\"https:\\\/\\\/istanbulsmiskou.sk\\\/?page_id=210#primaryimage\"},\"thumbnailUrl\":\"http:\\\/\\\/istanbulsmiskou.sk\\\/wp-content\\\/uploads\\\/2023\\\/06\\\/Professional-and-Elegant-Depop-Profile-Picture.jpg\",\"datePublished\":\"2023-05-22T12:57:28+00:00\",\"dateModified\":\"2025-03-11T18:13:41+00:00\",\"breadcrumb\":{\"@id\":\"https:\\\/\\\/istanbulsmiskou.sk\\\/?page_id=210#breadcrumb\"},\"inLanguage\":\"sk-SK\",\"potentialAction\":[{\"@type\":\"ReadAction\",\"target\":[\"https:\\\/\\\/istanbulsmiskou.sk\\\/?page_id=210\"]}]},{\"@type\":\"ImageObject\",\"inLanguage\":\"sk-SK\",\"@id\":\"https:\\\/\\\/istanbulsmiskou.sk\\\/?page_id=210#primaryimage\",\"url\":\"https:\\\/\\\/i0.wp.com\\\/istanbulsmiskou.sk\\\/wp-content\\\/uploads\\\/2023\\\/06\\\/Professional-and-Elegant-Depop-Profile-Picture.jpg?fit=1280%2C1280&ssl=1\",\"contentUrl\":\"https:\\\/\\\/i0.wp.com\\\/istanbulsmiskou.sk\\\/wp-content\\\/uploads\\\/2023\\\/06\\\/Professional-and-Elegant-Depop-Profile-Picture.jpg?fit=1280%2C1280&ssl=1\",\"width\":1280,\"height\":1280},{\"@type\":\"BreadcrumbList\",\"@id\":\"https:\\\/\\\/istanbulsmiskou.sk\\\/?page_id=210#breadcrumb\",\"itemListElement\":[{\"@type\":\"ListItem\",\"position\":1,\"name\":\"Domov\",\"item\":\"https:\\\/\\\/istanbulsmiskou.sk\\\/\"},{\"@type\":\"ListItem\",\"position\":2,\"name\":\"O Mne\"}]},{\"@type\":\"WebSite\",\"@id\":\"https:\\\/\\\/istanbulsmiskou.sk\\\/#website\",\"url\":\"https:\\\/\\\/istanbulsmiskou.sk\\\/\",\"name\":\"Istanbul s Mi\u0161kou\",\"description\":\"Istanbul ako ho (ne)pozn\u00e1te\",\"publisher\":{\"@id\":\"https:\\\/\\\/istanbulsmiskou.sk\\\/#\\\/schema\\\/person\\\/bc7275970398e2a92dfc4822e6caf7a5\"},\"potentialAction\":[{\"@type\":\"SearchAction\",\"target\":{\"@type\":\"EntryPoint\",\"urlTemplate\":\"https:\\\/\\\/istanbulsmiskou.sk\\\/?s={search_term_string}\"},\"query-input\":{\"@type\":\"PropertyValueSpecification\",\"valueRequired\":true,\"valueName\":\"search_term_string\"}}],\"inLanguage\":\"sk-SK\"},{\"@type\":[\"Person\",\"Organization\"],\"@id\":\"https:\\\/\\\/istanbulsmiskou.sk\\\/#\\\/schema\\\/person\\\/bc7275970398e2a92dfc4822e6caf7a5\",\"name\":\"Istanbul_s_miskou\",\"image\":{\"@type\":\"ImageObject\",\"inLanguage\":\"sk-SK\",\"@id\":\"https:\\\/\\\/istanbulsmiskou.sk\\\/wp-content\\\/uploads\\\/2024\\\/12\\\/Handdrawn-Circle-Logo-1-1024x1024.png\",\"url\":\"https:\\\/\\\/istanbulsmiskou.sk\\\/wp-content\\\/uploads\\\/2024\\\/12\\\/Handdrawn-Circle-Logo-1-1024x1024.png\",\"contentUrl\":\"https:\\\/\\\/istanbulsmiskou.sk\\\/wp-content\\\/uploads\\\/2024\\\/12\\\/Handdrawn-Circle-Logo-1-1024x1024.png\",\"width\":1024,\"height\":1024,\"caption\":\"Istanbul_s_miskou\"},\"logo\":{\"@id\":\"https:\\\/\\\/istanbulsmiskou.sk\\\/wp-content\\\/uploads\\\/2024\\\/12\\\/Handdrawn-Circle-Logo-1-1024x1024.png\"},\"sameAs\":[\"http:\\\/\\\/istanbulsmiskou.sk\"]}]}<\/script>\n<!-- \/ Yoast SEO plugin. -->","yoast_head_json":{"title":"O Mne - Istanbul s Mi\u0161kou","robots":{"index":"index","follow":"follow","max-snippet":"max-snippet:-1","max-image-preview":"max-image-preview:large","max-video-preview":"max-video-preview:-1"},"canonical":"https:\/\/istanbulsmiskou.sk\/?page_id=210","og_locale":"sk_SK","og_type":"article","og_title":"O Mne - Istanbul s Mi\u0161kou","og_description":"O mne Ahoj ! Vol\u00e1m sa Mi\u0161ka a ako ste si u\u017e ur\u010dite v\u0161imli, \u017eijem v Istanbule \ud83d\ude42 Do Istanbulu som sa pres\u0165ahovala v roku 2019 a odvtedy som fascinovan\u00e1 hist\u00f3riou a r\u00f4znorodos\u0165ou tohto jedine\u010dn\u00e9ho miesta. Milujem cestovanie a objavovanie nov\u00fdch miest, jed\u00e1l a kult\u00far. &hellip;","og_url":"https:\/\/istanbulsmiskou.sk\/?page_id=210","og_site_name":"Istanbul s Mi\u0161kou","article_modified_time":"2025-03-11T18:13:41+00:00","og_image":[{"url":"http:\/\/istanbulsmiskou.sk\/wp-content\/uploads\/2023\/06\/Professional-and-Elegant-Depop-Profile-Picture.jpg","type":"","width":"","height":""}],"twitter_card":"summary_large_image","twitter_misc":{"Predpokladan\u00fd \u010das \u010d\u00edtania":"1 min\u00fata"},"schema":{"@context":"https:\/\/schema.org","@graph":[{"@type":"WebPage","@id":"https:\/\/istanbulsmiskou.sk\/?page_id=210","url":"https:\/\/istanbulsmiskou.sk\/?page_id=210","name":"O Mne - Istanbul s Mi\u0161kou","isPartOf":{"@id":"https:\/\/istanbulsmiskou.sk\/#website"},"primaryImageOfPage":{"@id":"https:\/\/istanbulsmiskou.sk\/?page_id=210#primaryimage"},"image":{"@id":"https:\/\/istanbulsmiskou.sk\/?page_id=210#primaryimage"},"thumbnailUrl":"http:\/\/istanbulsmiskou.sk\/wp-content\/uploads\/2023\/06\/Professional-and-Elegant-Depop-Profile-Picture.jpg","datePublished":"2023-05-22T12:57:28+00:00","dateModified":"2025-03-11T18:13:41+00:00","breadcrumb":{"@id":"https:\/\/istanbulsmiskou.sk\/?page_id=210#breadcrumb"},"inLanguage":"sk-SK","potentialAction":[{"@type":"ReadAction","target":["https:\/\/istanbulsmiskou.sk\/?page_id=210"]}]},{"@type":"ImageObject","inLanguage":"sk-SK","@id":"https:\/\/istanbulsmiskou.sk\/?page_id=210#primaryimage","url":"https:\/\/i0.wp.com\/istanbulsmiskou.sk\/wp-content\/uploads\/2023\/06\/Professional-and-Elegant-Depop-Profile-Picture.jpg?fit=1280%2C1280&ssl=1","contentUrl":"https:\/\/i0.wp.com\/istanbulsmiskou.sk\/wp-content\/uploads\/2023\/06\/Professional-and-Elegant-Depop-Profile-Picture.jpg?fit=1280%2C1280&ssl=1","width":1280,"height":1280},{"@type":"BreadcrumbList","@id":"https:\/\/istanbulsmiskou.sk\/?page_id=210#breadcrumb","itemListElement":[{"@type":"ListItem","position":1,"name":"Domov","item":"https:\/\/istanbulsmiskou.sk\/"},{"@type":"ListItem","position":2,"name":"O Mne"}]},{"@type":"WebSite","@id":"https:\/\/istanbulsmiskou.sk\/#website","url":"https:\/\/istanbulsmiskou.sk\/","name":"Istanbul s Mi\u0161kou","description":"Istanbul ako ho (ne)pozn\u00e1te","publisher":{"@id":"https:\/\/istanbulsmiskou.sk\/#\/schema\/person\/bc7275970398e2a92dfc4822e6caf7a5"},"potentialAction":[{"@type":"SearchAction","target":{"@type":"EntryPoint","urlTemplate":"https:\/\/istanbulsmiskou.sk\/?s={search_term_string}"},"query-input":{"@type":"PropertyValueSpecification","valueRequired":true,"valueName":"search_term_string"}}],"inLanguage":"sk-SK"},{"@type":["Person","Organization"],"@id":"https:\/\/istanbulsmiskou.sk\/#\/schema\/person\/bc7275970398e2a92dfc4822e6caf7a5","name":"Istanbul_s_miskou","image":{"@type":"ImageObject","inLanguage":"sk-SK","@id":"https:\/\/istanbulsmiskou.sk\/wp-content\/uploads\/2024\/12\/Handdrawn-Circle-Logo-1-1024x1024.png","url":"https:\/\/istanbulsmiskou.sk\/wp-content\/uploads\/2024\/12\/Handdrawn-Circle-Logo-1-1024x1024.png","contentUrl":"https:\/\/istanbulsmiskou.sk\/wp-content\/uploads\/2024\/12\/Handdrawn-Circle-Logo-1-1024x1024.png","width":1024,"height":1024,"caption":"Istanbul_s_miskou"},"logo":{"@id":"https:\/\/istanbulsmiskou.sk\/wp-content\/uploads\/2024\/12\/Handdrawn-Circle-Logo-1-1024x1024.png"},"sameAs":["http:\/\/istanbulsmiskou.sk"]}]}},"jetpack_sharing_enabled":true,"_links":{"self":[{"href":"https:\/\/istanbulsmiskou.sk\/index.php?rest_route=\/wp\/v2\/pages\/210","targetHints":{"allow":["GET"]}}],"collection":[{"href":"https:\/\/istanbulsmiskou.sk\/index.php?rest_route=\/wp\/v2\/pages"}],"about":[{"href":"https:\/\/istanbulsmiskou.sk\/index.php?rest_route=\/wp\/v2\/types\/page"}],"author":[{"embeddable":true,"href":"https:\/\/istanbulsmiskou.sk\/index.php?rest_route=\/wp\/v2\/users\/1"}],"replies":[{"embeddable":true,"href":"https:\/\/istanbulsmiskou.sk\/index.php?rest_route=%2Fwp%2Fv2%2Fcomments&post=210"}],"version-history":[{"count":18,"href":"https:\/\/istanbulsmiskou.sk\/index.php?rest_route=\/wp\/v2\/pages\/210\/revisions"}],"predecessor-version":[{"id":2072,"href":"https:\/\/istanbulsmiskou.sk\/index.php?rest_route=\/wp\/v2\/pages\/210\/revisions\/2072"}],"wp:attachment":[{"href":"https:\/\/istanbulsmiskou.sk\/index.php?rest_route=%2Fwp%2Fv2%2Fmedia&parent=210"}],"curies":[{"name":"wp","href":"https:\/\/api.w.org\/{rel}","templated":true}]}}