{"id":218,"date":"2023-05-22T15:19:48","date_gmt":"2023-05-22T13:19:48","guid":{"rendered":"https:\/\/istanbulsmiskou.sk\/?page_id=218"},"modified":"2023-06-13T13:16:09","modified_gmt":"2023-06-13T11:16:09","slug":"istanbul","status":"publish","type":"page","link":"https:\/\/istanbulsmiskou.sk\/?page_id=218","title":{"rendered":"Istanbul"},"content":{"rendered":"\t\t<div data-elementor-type=\"wp-page\" data-elementor-id=\"218\" class=\"elementor elementor-218\">\n\t\t\t\t\t\t<section class=\"elementor-section elementor-top-section elementor-element elementor-element-48f4818 elementor-section-boxed elementor-section-height-default elementor-section-height-default\" data-id=\"48f4818\" data-element_type=\"section\" data-e-type=\"section\">\n\t\t\t\t\t\t<div class=\"elementor-container elementor-column-gap-default\">\n\t\t\t\t\t<div class=\"elementor-column elementor-col-100 elementor-top-column elementor-element elementor-element-70515b6\" data-id=\"70515b6\" data-element_type=\"column\" data-e-type=\"column\">\n\t\t\t<div class=\"elementor-widget-wrap elementor-element-populated\">\n\t\t\t\t\t\t<div class=\"elementor-element elementor-element-001be5c elementor-grid-eael-col-2 elementor-grid-tablet-eael-col-2 elementor-grid-mobile-eael-col-1 elementor-widget elementor-widget-eael-post-grid\" data-id=\"001be5c\" data-element_type=\"widget\" data-e-type=\"widget\" data-settings=\"{&quot;eael_post_grid_columns&quot;:&quot;eael-col-2&quot;,&quot;eael_post_grid_columns_tablet&quot;:&quot;eael-col-2&quot;,&quot;eael_post_grid_columns_mobile&quot;:&quot;eael-col-1&quot;}\" data-widget_type=\"eael-post-grid.default\">\n\t\t\t\t<div class=\"elementor-widget-container\">\n\t\t\t\t\t<div id=\"eael-post-grid-001be5c\" class=\"eael-post-grid-container\">\n            <div class=\"eael-post-grid eael-post-appender eael-post-appender-001be5c eael-post-grid-style-one\" data-layout-mode=\"grid\"><article class=\"eael-grid-post  eael-post-grid-column eael-pg-post-2734 category-istanbul-tipy_a_triky\" data-id=\"2734\">\n        <div class=\"eael-grid-post-holder\">\n            <div class=\"eael-grid-post-holder-inner\"><div class=\"eael-entry-media\"><div class=\"eael-entry-overlay fade-in\"><i class=\"fas fa-long-arrow-alt-right\" aria-hidden=\"true\"><\/i><a href=\"https:\/\/istanbulsmiskou.sk\/?p=2734\"><\/a><\/div><div class=\"eael-entry-thumbnail \">\n                <img fetchpriority=\"high\" decoding=\"async\" width=\"200\" height=\"300\" src=\"https:\/\/i0.wp.com\/istanbulsmiskou.sk\/wp-content\/uploads\/2026\/04\/fafd24d2-a48a-4b2e-bd04-6bf302e7730f.png?fit=200%2C300&amp;ssl=1\" class=\"attachment-medium size-medium wp-image-2737\" alt=\"\" srcset=\"https:\/\/i0.wp.com\/istanbulsmiskou.sk\/wp-content\/uploads\/2026\/04\/fafd24d2-a48a-4b2e-bd04-6bf302e7730f.png?w=1024&amp;ssl=1 1024w, https:\/\/i0.wp.com\/istanbulsmiskou.sk\/wp-content\/uploads\/2026\/04\/fafd24d2-a48a-4b2e-bd04-6bf302e7730f.png?resize=200%2C300&amp;ssl=1 200w, https:\/\/i0.wp.com\/istanbulsmiskou.sk\/wp-content\/uploads\/2026\/04\/fafd24d2-a48a-4b2e-bd04-6bf302e7730f.png?resize=683%2C1024&amp;ssl=1 683w, https:\/\/i0.wp.com\/istanbulsmiskou.sk\/wp-content\/uploads\/2026\/04\/fafd24d2-a48a-4b2e-bd04-6bf302e7730f.png?resize=768%2C1152&amp;ssl=1 768w, https:\/\/i0.wp.com\/istanbulsmiskou.sk\/wp-content\/uploads\/2026\/04\/fafd24d2-a48a-4b2e-bd04-6bf302e7730f.png?resize=40%2C60&amp;ssl=1 40w\" sizes=\"(max-width: 200px) 100vw, 200px\" \/>\n            <\/div>\n        <\/div><div class=\"eael-entry-wrapper\"><header class=\"eael-entry-header\"><h5 class=\"eael-entry-title\"><a class=\"eael-grid-post-link\" href=\"https:\/\/istanbulsmiskou.sk\/?p=2734\" title=\"Istanbul tipy pre turistov &#8211; veci, ktor\u00e9 \u0164a v Istanbule \u0161okuj\u00fa\">Istanbul tipy pre turistov &#8211; veci, ktor\u00e9 \u0164a v Istanbule \u0161okuj\u00fa<\/a><\/h5><\/header><div class=\"eael-entry-content\">\n                        <div class=\"eael-grid-post-excerpt\"><p>Istanbul je jedno z najintenz\u00edvnej\u0161\u00edch miest v Eur\u00f3pe a pr\u00e1ve preto dok\u00e1\u017ee prekvapi\u0165 aj sk\u00fasen\u00fdch...<\/p><a href=\"https:\/\/istanbulsmiskou.sk\/?p=2734\" class=\"eael-post-elements-readmore-btn\">Read More<\/a><\/div>\n                    <\/div><div class=\"eael-entry-footer\"><div class=\"eael-entry-meta\"><\/div><\/div><\/div><\/div>\n        <\/div>\n    <\/article><article class=\"eael-grid-post  eael-post-grid-column eael-pg-post-2652 category-istanbul-tipy_a_triky\" data-id=\"2652\">\n        <div class=\"eael-grid-post-holder\">\n            <div class=\"eael-grid-post-holder-inner\"><div class=\"eael-entry-media\"><div class=\"eael-entry-overlay fade-in\"><i class=\"fas fa-long-arrow-alt-right\" aria-hidden=\"true\"><\/i><a href=\"https:\/\/istanbulsmiskou.sk\/?p=2652\"><\/a><\/div><div class=\"eael-entry-thumbnail \">\n                <img decoding=\"async\" width=\"300\" height=\"200\" src=\"https:\/\/i0.wp.com\/istanbulsmiskou.sk\/wp-content\/uploads\/2026\/03\/e63ddc59-899b-4751-83f3-2864a9a8f93c.png?fit=300%2C200&amp;ssl=1\" class=\"attachment-medium size-medium wp-image-2722\" alt=\"\" srcset=\"https:\/\/i0.wp.com\/istanbulsmiskou.sk\/wp-content\/uploads\/2026\/03\/e63ddc59-899b-4751-83f3-2864a9a8f93c.png?w=1536&amp;ssl=1 1536w, https:\/\/i0.wp.com\/istanbulsmiskou.sk\/wp-content\/uploads\/2026\/03\/e63ddc59-899b-4751-83f3-2864a9a8f93c.png?resize=300%2C200&amp;ssl=1 300w, https:\/\/i0.wp.com\/istanbulsmiskou.sk\/wp-content\/uploads\/2026\/03\/e63ddc59-899b-4751-83f3-2864a9a8f93c.png?resize=1024%2C683&amp;ssl=1 1024w, https:\/\/i0.wp.com\/istanbulsmiskou.sk\/wp-content\/uploads\/2026\/03\/e63ddc59-899b-4751-83f3-2864a9a8f93c.png?resize=768%2C512&amp;ssl=1 768w, https:\/\/i0.wp.com\/istanbulsmiskou.sk\/wp-content\/uploads\/2026\/03\/e63ddc59-899b-4751-83f3-2864a9a8f93c.png?resize=90%2C60&amp;ssl=1 90w, https:\/\/i0.wp.com\/istanbulsmiskou.sk\/wp-content\/uploads\/2026\/03\/e63ddc59-899b-4751-83f3-2864a9a8f93c.png?resize=374%2C249&amp;ssl=1 374w\" sizes=\"(max-width: 300px) 100vw, 300px\" \/>\n            <\/div>\n        <\/div><div class=\"eael-entry-wrapper\"><header class=\"eael-entry-header\"><h5 class=\"eael-entry-title\"><a class=\"eael-grid-post-link\" href=\"https:\/\/istanbulsmiskou.sk\/?p=2652\" title=\"Istanbul bez angli\u010dtiny &#8211; ako po meste cestova\u0165 ak neviem jazyk a pre\u017ei\u0165 to bez stresu\">Istanbul bez angli\u010dtiny &#8211; ako po meste cestova\u0165 ak neviem jazyk a pre\u017ei\u0165 to bez stresu<\/a><\/h5><\/header><div class=\"eael-entry-content\">\n                        <div class=\"eael-grid-post-excerpt\"><p>Istanbul\u00a0je mesto, ktor\u00e9 o\u010dar\u00ed ka\u017ed\u00fd zmysel. U\u017e pri prvom kroku do jeho uli\u010diek poc\u00edtite pulzuj\u00facu...<\/p><a href=\"https:\/\/istanbulsmiskou.sk\/?p=2652\" class=\"eael-post-elements-readmore-btn\">Read More<\/a><\/div>\n                    <\/div><div class=\"eael-entry-footer\"><div class=\"eael-entry-meta\"><\/div><\/div><\/div><\/div>\n        <\/div>\n    <\/article><article class=\"eael-grid-post  eael-post-grid-column eael-pg-post-2688 category-istanbul-tipy_a_triky-v-kuchyni\" data-id=\"2688\">\n        <div class=\"eael-grid-post-holder\">\n            <div class=\"eael-grid-post-holder-inner\"><div class=\"eael-entry-media\"><div class=\"eael-entry-overlay fade-in\"><i class=\"fas fa-long-arrow-alt-right\" aria-hidden=\"true\"><\/i><a href=\"https:\/\/istanbulsmiskou.sk\/?p=2688\"><\/a><\/div><div class=\"eael-entry-thumbnail \">\n                <img decoding=\"async\" width=\"240\" height=\"300\" src=\"https:\/\/i0.wp.com\/istanbulsmiskou.sk\/wp-content\/uploads\/2026\/03\/Brown-and-Beige-Minimalist-Tips-to-Accelerate-Your-Growth-LinkedIn-Carousel-1.png?fit=240%2C300&amp;ssl=1\" class=\"attachment-medium size-medium wp-image-2703\" alt=\"\" srcset=\"https:\/\/i0.wp.com\/istanbulsmiskou.sk\/wp-content\/uploads\/2026\/03\/Brown-and-Beige-Minimalist-Tips-to-Accelerate-Your-Growth-LinkedIn-Carousel-1.png?w=1200&amp;ssl=1 1200w, https:\/\/i0.wp.com\/istanbulsmiskou.sk\/wp-content\/uploads\/2026\/03\/Brown-and-Beige-Minimalist-Tips-to-Accelerate-Your-Growth-LinkedIn-Carousel-1.png?resize=240%2C300&amp;ssl=1 240w, https:\/\/i0.wp.com\/istanbulsmiskou.sk\/wp-content\/uploads\/2026\/03\/Brown-and-Beige-Minimalist-Tips-to-Accelerate-Your-Growth-LinkedIn-Carousel-1.png?resize=819%2C1024&amp;ssl=1 819w, https:\/\/i0.wp.com\/istanbulsmiskou.sk\/wp-content\/uploads\/2026\/03\/Brown-and-Beige-Minimalist-Tips-to-Accelerate-Your-Growth-LinkedIn-Carousel-1.png?resize=768%2C960&amp;ssl=1 768w, https:\/\/i0.wp.com\/istanbulsmiskou.sk\/wp-content\/uploads\/2026\/03\/Brown-and-Beige-Minimalist-Tips-to-Accelerate-Your-Growth-LinkedIn-Carousel-1.png?resize=48%2C60&amp;ssl=1 48w, https:\/\/i0.wp.com\/istanbulsmiskou.sk\/wp-content\/uploads\/2026\/03\/Brown-and-Beige-Minimalist-Tips-to-Accelerate-Your-Growth-LinkedIn-Carousel-1.png?resize=448%2C560&amp;ssl=1 448w\" sizes=\"(max-width: 240px) 100vw, 240px\" \/>\n            <\/div>\n        <\/div><div class=\"eael-entry-wrapper\"><header class=\"eael-entry-header\"><h5 class=\"eael-entry-title\"><a class=\"eael-grid-post-link\" href=\"https:\/\/istanbulsmiskou.sk\/?p=2688\" title=\"Tureck\u00e9 Ra\u0148ajky v Istanbule &#8211; trad\u00edcia, ktor\u00e1 men\u00ed oby\u010dajn\u00e9 r\u00e1no na z\u00e1\u017eitok\">Tureck\u00e9 Ra\u0148ajky v Istanbule &#8211; trad\u00edcia, ktor\u00e1 men\u00ed oby\u010dajn\u00e9 r\u00e1no na z\u00e1\u017eitok<\/a><\/h5><\/header><div class=\"eael-entry-content\">\n                        <div class=\"eael-grid-post-excerpt\"><p>Tureck\u00e9 ra\u0148ajky patria medzi najbohat\u0161ie a najrozmanitej\u0161ie ra\u0148ajkov\u00e9 trad\u00edcie na svete. Na rozdiel od r\u00fdchlych...<\/p><a href=\"https:\/\/istanbulsmiskou.sk\/?p=2688\" class=\"eael-post-elements-readmore-btn\">Read More<\/a><\/div>\n                    <\/div><div class=\"eael-entry-footer\"><div class=\"eael-entry-meta\"><\/div><\/div><\/div><\/div>\n        <\/div>\n    <\/article><article class=\"eael-grid-post  eael-post-grid-column eael-pg-post-2671 category-istanbul-tipy_a_triky\" data-id=\"2671\">\n        <div class=\"eael-grid-post-holder\">\n            <div class=\"eael-grid-post-holder-inner\"><div class=\"eael-entry-media\"><div class=\"eael-entry-overlay fade-in\"><i class=\"fas fa-long-arrow-alt-right\" aria-hidden=\"true\"><\/i><a href=\"https:\/\/istanbulsmiskou.sk\/?p=2671\"><\/a><\/div><div class=\"eael-entry-thumbnail \">\n                <img loading=\"lazy\" decoding=\"async\" width=\"240\" height=\"300\" src=\"https:\/\/i0.wp.com\/istanbulsmiskou.sk\/wp-content\/uploads\/2026\/03\/Brown-and-Beige-Minimalist-Tips-to-Accelerate-Your-Growth-LinkedIn-Carousel.png?fit=240%2C300&amp;ssl=1\" class=\"attachment-medium size-medium wp-image-2680\" alt=\"\" srcset=\"https:\/\/i0.wp.com\/istanbulsmiskou.sk\/wp-content\/uploads\/2026\/03\/Brown-and-Beige-Minimalist-Tips-to-Accelerate-Your-Growth-LinkedIn-Carousel.png?w=1200&amp;ssl=1 1200w, https:\/\/i0.wp.com\/istanbulsmiskou.sk\/wp-content\/uploads\/2026\/03\/Brown-and-Beige-Minimalist-Tips-to-Accelerate-Your-Growth-LinkedIn-Carousel.png?resize=240%2C300&amp;ssl=1 240w, https:\/\/i0.wp.com\/istanbulsmiskou.sk\/wp-content\/uploads\/2026\/03\/Brown-and-Beige-Minimalist-Tips-to-Accelerate-Your-Growth-LinkedIn-Carousel.png?resize=819%2C1024&amp;ssl=1 819w, https:\/\/i0.wp.com\/istanbulsmiskou.sk\/wp-content\/uploads\/2026\/03\/Brown-and-Beige-Minimalist-Tips-to-Accelerate-Your-Growth-LinkedIn-Carousel.png?resize=768%2C960&amp;ssl=1 768w, https:\/\/i0.wp.com\/istanbulsmiskou.sk\/wp-content\/uploads\/2026\/03\/Brown-and-Beige-Minimalist-Tips-to-Accelerate-Your-Growth-LinkedIn-Carousel.png?resize=48%2C60&amp;ssl=1 48w, https:\/\/i0.wp.com\/istanbulsmiskou.sk\/wp-content\/uploads\/2026\/03\/Brown-and-Beige-Minimalist-Tips-to-Accelerate-Your-Growth-LinkedIn-Carousel.png?resize=448%2C560&amp;ssl=1 448w\" sizes=\"(max-width: 240px) 100vw, 240px\" \/>\n            <\/div>\n        <\/div><div class=\"eael-entry-wrapper\"><header class=\"eael-entry-header\"><h5 class=\"eael-entry-title\"><a class=\"eael-grid-post-link\" href=\"https:\/\/istanbulsmiskou.sk\/?p=2671\" title=\"Najlep\u0161ie Aplik\u00e1cie pre Istanbul &#8211; mapy, MHD, taxi a podobne\">Najlep\u0161ie Aplik\u00e1cie pre Istanbul &#8211; mapy, MHD, taxi a podobne<\/a><\/h5><\/header><div class=\"eael-entry-content\">\n                        <div class=\"eael-grid-post-excerpt\"><p>Istanbul je n\u00e1dhern\u00fd. Chaotick\u00fd. Obrovsk\u00fd. A niekedy aj trochu nepreh\u013eadn\u00fd. M\u00e1 viac ako 16 mili\u00f3nov...<\/p><a href=\"https:\/\/istanbulsmiskou.sk\/?p=2671\" class=\"eael-post-elements-readmore-btn\">Read More<\/a><\/div>\n                    <\/div><div class=\"eael-entry-footer\"><div class=\"eael-entry-meta\"><\/div><\/div><\/div><\/div>\n        <\/div>\n    <\/article><\/div>\n            <div class=\"clearfix\"><\/div>\n        <\/div>            <div class=\"eael-load-more-button-wrap eael-force-hide\">\n                <button class=\"eael-load-more-button\" id=\"eael-load-more-btn-001be5c\" data-widget-id=\"001be5c\" data-widget=\"001be5c\" data-page-id=\"218\" data-template=\"{&quot;dir&quot;:&quot;lite&quot;,&quot;file_name&quot;:&quot;one.php&quot;,&quot;name&quot;:&quot;Post-Grid&quot;}\" data-class=\"Essential_Addons_Elementor\\Elements\\Post_Grid\" data-layout=\"grid\" data-page=\"1\" data-args=\"orderby=date&amp;order=desc&amp;ignore_sticky_posts=1&amp;post_status=publish&amp;posts_per_page=4&amp;offset=0&amp;post_type=post\" data-max-page=\"20\">\n                    <span class=\"eael-btn-loader button__loader\"><\/span>\n                    <span class=\"eael_load_more_text\">Load More<\/span>\n                <\/button>\n            <\/div>\n            \t\t\t\t<\/div>\n\t\t\t\t<\/div>\n\t\t\t\t\t<\/div>\n\t\t<\/div>\n\t\t\t\t\t<\/div>\n\t\t<\/section>\n\t\t\t\t<\/div>\n\t\t","protected":false},"excerpt":{"rendered":"<p>Kadik\u00f6y &#8211; Kult\u00farna o\u00e1za v srdci Istanbulu Istanbul, jedno z najfascinuj\u00facej\u0161\u00edch miest na svete, je zn\u00e1me svojou bohatou hist\u00f3riou a r\u00f4znorodos\u0165ou. Medzi&#8230; Read More Dolmabah\u00e7e Pal\u00e1c &#8211; Perla Bosporu Dolmabah\u00e7e Pal\u00e1c, rozprestieraj\u00faci sa na brehu Bosporu je jednou z najv\u00fdznamnej\u0161\u00edch historick\u00fdch pamiatok sveta. Tento&#8230; Read &hellip; <\/p>\n","protected":false},"author":1,"featured_media":0,"parent":0,"menu_order":0,"comment_status":"closed","ping_status":"closed","template":"elementor_theme","meta":{"_eb_attr":"","_monsterinsights_skip_tracking":false,"_monsterinsights_sitenote_active":false,"_monsterinsights_sitenote_note":"","_monsterinsights_sitenote_category":0,"footnotes":""},"class_list":["post-218","page","type-page","status-publish","hentry","latest_post"],"yoast_head":"<!-- This site is optimized with the Yoast SEO plugin v27.4 - https:\/\/yoast.com\/product\/yoast-seo-wordpress\/ -->\n<title>Istanbul - Istanbul s Mi\u0161kou<\/title>\n<meta name=\"description\" content=\"Ponorte sa do sveta fascinuj\u00facich pr\u00edbehov o tureck\u00fdch sult\u00e1noch, ich rozmanitej hist\u00f3rie a spoznajte Istanbul tak ako ho nepozn\u00e1te!\" \/>\n<meta name=\"robots\" content=\"index, follow, max-snippet:-1, max-image-preview:large, max-video-preview:-1\" \/>\n<link rel=\"canonical\" href=\"https:\/\/istanbulsmiskou.sk\/?page_id=218\" \/>\n<meta property=\"og:locale\" content=\"sk_SK\" \/>\n<meta property=\"og:type\" content=\"article\" \/>\n<meta property=\"og:title\" content=\"Istanbul - Istanbul s Mi\u0161kou\" \/>\n<meta property=\"og:description\" content=\"Ponorte sa do sveta fascinuj\u00facich pr\u00edbehov o tureck\u00fdch sult\u00e1noch, ich rozmanitej hist\u00f3rie a spoznajte Istanbul tak ako ho nepozn\u00e1te!\" \/>\n<meta property=\"og:url\" content=\"https:\/\/istanbulsmiskou.sk\/?page_id=218\" \/>\n<meta property=\"og:site_name\" content=\"Istanbul s Mi\u0161kou\" \/>\n<meta property=\"article:modified_time\" content=\"2023-06-13T11:16:09+00:00\" \/>\n<meta property=\"og:image\" content=\"http:\/\/istanbulsmiskou.sk\/wp-content\/uploads\/2023\/06\/Kadikoy-stanica-300x200.jpg\" \/>\n<meta name=\"twitter:card\" content=\"summary_large_image\" \/>\n<meta name=\"twitter:label1\" content=\"Predpokladan\u00fd \u010das \u010d\u00edtania\" \/>\n\t<meta name=\"twitter:data1\" content=\"1 min\u00fata\" \/>\n<script type=\"application\/ld+json\" class=\"yoast-schema-graph\">{\"@context\":\"https:\\\/\\\/schema.org\",\"@graph\":[{\"@type\":\"WebPage\",\"@id\":\"https:\\\/\\\/istanbulsmiskou.sk\\\/?page_id=218\",\"url\":\"https:\\\/\\\/istanbulsmiskou.sk\\\/?page_id=218\",\"name\":\"Istanbul - Istanbul s Mi\u0161kou\",\"isPartOf\":{\"@id\":\"https:\\\/\\\/istanbulsmiskou.sk\\\/#website\"},\"primaryImageOfPage\":{\"@id\":\"https:\\\/\\\/istanbulsmiskou.sk\\\/?page_id=218#primaryimage\"},\"image\":{\"@id\":\"https:\\\/\\\/istanbulsmiskou.sk\\\/?page_id=218#primaryimage\"},\"thumbnailUrl\":\"http:\\\/\\\/istanbulsmiskou.sk\\\/wp-content\\\/uploads\\\/2023\\\/06\\\/Kadikoy-stanica-300x200.jpg\",\"datePublished\":\"2023-05-22T13:19:48+00:00\",\"dateModified\":\"2023-06-13T11:16:09+00:00\",\"description\":\"Ponorte sa do sveta fascinuj\u00facich pr\u00edbehov o tureck\u00fdch sult\u00e1noch, ich rozmanitej hist\u00f3rie a spoznajte Istanbul tak ako ho nepozn\u00e1te!\",\"breadcrumb\":{\"@id\":\"https:\\\/\\\/istanbulsmiskou.sk\\\/?page_id=218#breadcrumb\"},\"inLanguage\":\"sk-SK\",\"potentialAction\":[{\"@type\":\"ReadAction\",\"target\":[\"https:\\\/\\\/istanbulsmiskou.sk\\\/?page_id=218\"]}]},{\"@type\":\"ImageObject\",\"inLanguage\":\"sk-SK\",\"@id\":\"https:\\\/\\\/istanbulsmiskou.sk\\\/?page_id=218#primaryimage\",\"url\":\"https:\\\/\\\/i0.wp.com\\\/istanbulsmiskou.sk\\\/wp-content\\\/uploads\\\/2023\\\/06\\\/Kadikoy-stanica-scaled.jpg?fit=2560%2C1707&ssl=1\",\"contentUrl\":\"https:\\\/\\\/i0.wp.com\\\/istanbulsmiskou.sk\\\/wp-content\\\/uploads\\\/2023\\\/06\\\/Kadikoy-stanica-scaled.jpg?fit=2560%2C1707&ssl=1\",\"width\":2560,\"height\":1707},{\"@type\":\"BreadcrumbList\",\"@id\":\"https:\\\/\\\/istanbulsmiskou.sk\\\/?page_id=218#breadcrumb\",\"itemListElement\":[{\"@type\":\"ListItem\",\"position\":1,\"name\":\"Domov\",\"item\":\"https:\\\/\\\/istanbulsmiskou.sk\\\/\"},{\"@type\":\"ListItem\",\"position\":2,\"name\":\"Istanbul\"}]},{\"@type\":\"WebSite\",\"@id\":\"https:\\\/\\\/istanbulsmiskou.sk\\\/#website\",\"url\":\"https:\\\/\\\/istanbulsmiskou.sk\\\/\",\"name\":\"Istanbul s Mi\u0161kou\",\"description\":\"Istanbul ako ho (ne)pozn\u00e1te\",\"publisher\":{\"@id\":\"https:\\\/\\\/istanbulsmiskou.sk\\\/#\\\/schema\\\/person\\\/bc7275970398e2a92dfc4822e6caf7a5\"},\"potentialAction\":[{\"@type\":\"SearchAction\",\"target\":{\"@type\":\"EntryPoint\",\"urlTemplate\":\"https:\\\/\\\/istanbulsmiskou.sk\\\/?s={search_term_string}\"},\"query-input\":{\"@type\":\"PropertyValueSpecification\",\"valueRequired\":true,\"valueName\":\"search_term_string\"}}],\"inLanguage\":\"sk-SK\"},{\"@type\":[\"Person\",\"Organization\"],\"@id\":\"https:\\\/\\\/istanbulsmiskou.sk\\\/#\\\/schema\\\/person\\\/bc7275970398e2a92dfc4822e6caf7a5\",\"name\":\"Istanbul_s_miskou\",\"image\":{\"@type\":\"ImageObject\",\"inLanguage\":\"sk-SK\",\"@id\":\"https:\\\/\\\/istanbulsmiskou.sk\\\/wp-content\\\/uploads\\\/2024\\\/12\\\/Handdrawn-Circle-Logo-1-1024x1024.png\",\"url\":\"https:\\\/\\\/istanbulsmiskou.sk\\\/wp-content\\\/uploads\\\/2024\\\/12\\\/Handdrawn-Circle-Logo-1-1024x1024.png\",\"contentUrl\":\"https:\\\/\\\/istanbulsmiskou.sk\\\/wp-content\\\/uploads\\\/2024\\\/12\\\/Handdrawn-Circle-Logo-1-1024x1024.png\",\"width\":1024,\"height\":1024,\"caption\":\"Istanbul_s_miskou\"},\"logo\":{\"@id\":\"https:\\\/\\\/istanbulsmiskou.sk\\\/wp-content\\\/uploads\\\/2024\\\/12\\\/Handdrawn-Circle-Logo-1-1024x1024.png\"},\"sameAs\":[\"http:\\\/\\\/istanbulsmiskou.sk\"]}]}<\/script>\n<!-- \/ Yoast SEO plugin. -->","yoast_head_json":{"title":"Istanbul - Istanbul s Mi\u0161kou","description":"Ponorte sa do sveta fascinuj\u00facich pr\u00edbehov o tureck\u00fdch sult\u00e1noch, ich rozmanitej hist\u00f3rie a spoznajte Istanbul tak ako ho nepozn\u00e1te!","robots":{"index":"index","follow":"follow","max-snippet":"max-snippet:-1","max-image-preview":"max-image-preview:large","max-video-preview":"max-video-preview:-1"},"canonical":"https:\/\/istanbulsmiskou.sk\/?page_id=218","og_locale":"sk_SK","og_type":"article","og_title":"Istanbul - Istanbul s Mi\u0161kou","og_description":"Ponorte sa do sveta fascinuj\u00facich pr\u00edbehov o tureck\u00fdch sult\u00e1noch, ich rozmanitej hist\u00f3rie a spoznajte Istanbul tak ako ho nepozn\u00e1te!","og_url":"https:\/\/istanbulsmiskou.sk\/?page_id=218","og_site_name":"Istanbul s Mi\u0161kou","article_modified_time":"2023-06-13T11:16:09+00:00","og_image":[{"url":"http:\/\/istanbulsmiskou.sk\/wp-content\/uploads\/2023\/06\/Kadikoy-stanica-300x200.jpg","type":"","width":"","height":""}],"twitter_card":"summary_large_image","twitter_misc":{"Predpokladan\u00fd \u010das \u010d\u00edtania":"1 min\u00fata"},"schema":{"@context":"https:\/\/schema.org","@graph":[{"@type":"WebPage","@id":"https:\/\/istanbulsmiskou.sk\/?page_id=218","url":"https:\/\/istanbulsmiskou.sk\/?page_id=218","name":"Istanbul - Istanbul s Mi\u0161kou","isPartOf":{"@id":"https:\/\/istanbulsmiskou.sk\/#website"},"primaryImageOfPage":{"@id":"https:\/\/istanbulsmiskou.sk\/?page_id=218#primaryimage"},"image":{"@id":"https:\/\/istanbulsmiskou.sk\/?page_id=218#primaryimage"},"thumbnailUrl":"http:\/\/istanbulsmiskou.sk\/wp-content\/uploads\/2023\/06\/Kadikoy-stanica-300x200.jpg","datePublished":"2023-05-22T13:19:48+00:00","dateModified":"2023-06-13T11:16:09+00:00","description":"Ponorte sa do sveta fascinuj\u00facich pr\u00edbehov o tureck\u00fdch sult\u00e1noch, ich rozmanitej hist\u00f3rie a spoznajte Istanbul tak ako ho nepozn\u00e1te!","breadcrumb":{"@id":"https:\/\/istanbulsmiskou.sk\/?page_id=218#breadcrumb"},"inLanguage":"sk-SK","potentialAction":[{"@type":"ReadAction","target":["https:\/\/istanbulsmiskou.sk\/?page_id=218"]}]},{"@type":"ImageObject","inLanguage":"sk-SK","@id":"https:\/\/istanbulsmiskou.sk\/?page_id=218#primaryimage","url":"https:\/\/i0.wp.com\/istanbulsmiskou.sk\/wp-content\/uploads\/2023\/06\/Kadikoy-stanica-scaled.jpg?fit=2560%2C1707&ssl=1","contentUrl":"https:\/\/i0.wp.com\/istanbulsmiskou.sk\/wp-content\/uploads\/2023\/06\/Kadikoy-stanica-scaled.jpg?fit=2560%2C1707&ssl=1","width":2560,"height":1707},{"@type":"BreadcrumbList","@id":"https:\/\/istanbulsmiskou.sk\/?page_id=218#breadcrumb","itemListElement":[{"@type":"ListItem","position":1,"name":"Domov","item":"https:\/\/istanbulsmiskou.sk\/"},{"@type":"ListItem","position":2,"name":"Istanbul"}]},{"@type":"WebSite","@id":"https:\/\/istanbulsmiskou.sk\/#website","url":"https:\/\/istanbulsmiskou.sk\/","name":"Istanbul s Mi\u0161kou","description":"Istanbul ako ho (ne)pozn\u00e1te","publisher":{"@id":"https:\/\/istanbulsmiskou.sk\/#\/schema\/person\/bc7275970398e2a92dfc4822e6caf7a5"},"potentialAction":[{"@type":"SearchAction","target":{"@type":"EntryPoint","urlTemplate":"https:\/\/istanbulsmiskou.sk\/?s={search_term_string}"},"query-input":{"@type":"PropertyValueSpecification","valueRequired":true,"valueName":"search_term_string"}}],"inLanguage":"sk-SK"},{"@type":["Person","Organization"],"@id":"https:\/\/istanbulsmiskou.sk\/#\/schema\/person\/bc7275970398e2a92dfc4822e6caf7a5","name":"Istanbul_s_miskou","image":{"@type":"ImageObject","inLanguage":"sk-SK","@id":"https:\/\/istanbulsmiskou.sk\/wp-content\/uploads\/2024\/12\/Handdrawn-Circle-Logo-1-1024x1024.png","url":"https:\/\/istanbulsmiskou.sk\/wp-content\/uploads\/2024\/12\/Handdrawn-Circle-Logo-1-1024x1024.png","contentUrl":"https:\/\/istanbulsmiskou.sk\/wp-content\/uploads\/2024\/12\/Handdrawn-Circle-Logo-1-1024x1024.png","width":1024,"height":1024,"caption":"Istanbul_s_miskou"},"logo":{"@id":"https:\/\/istanbulsmiskou.sk\/wp-content\/uploads\/2024\/12\/Handdrawn-Circle-Logo-1-1024x1024.png"},"sameAs":["http:\/\/istanbulsmiskou.sk"]}]}},"jetpack_sharing_enabled":true,"_links":{"self":[{"href":"https:\/\/istanbulsmiskou.sk\/index.php?rest_route=\/wp\/v2\/pages\/218","targetHints":{"allow":["GET"]}}],"collection":[{"href":"https:\/\/istanbulsmiskou.sk\/index.php?rest_route=\/wp\/v2\/pages"}],"about":[{"href":"https:\/\/istanbulsmiskou.sk\/index.php?rest_route=\/wp\/v2\/types\/page"}],"author":[{"embeddable":true,"href":"https:\/\/istanbulsmiskou.sk\/index.php?rest_route=\/wp\/v2\/users\/1"}],"replies":[{"embeddable":true,"href":"https:\/\/istanbulsmiskou.sk\/index.php?rest_route=%2Fwp%2Fv2%2Fcomments&post=218"}],"version-history":[{"count":7,"href":"https:\/\/istanbulsmiskou.sk\/index.php?rest_route=\/wp\/v2\/pages\/218\/revisions"}],"predecessor-version":[{"id":607,"href":"https:\/\/istanbulsmiskou.sk\/index.php?rest_route=\/wp\/v2\/pages\/218\/revisions\/607"}],"wp:attachment":[{"href":"https:\/\/istanbulsmiskou.sk\/index.php?rest_route=%2Fwp%2Fv2%2Fmedia&parent=218"}],"curies":[{"name":"wp","href":"https:\/\/api.w.org\/{rel}","templated":true}]}}